{"id":90,"date":"2024-11-04T17:17:18","date_gmt":"2024-11-04T17:17:18","guid":{"rendered":"https:\/\/chevaliersdecolomb3206.org\/?page_id=90"},"modified":"2026-02-15T09:31:25","modified_gmt":"2026-02-15T14:31:25","slug":"acceuil","status":"publish","type":"page","link":"https:\/\/chevaliersdecolomb3206.org\/","title":{"rendered":"Acceuil"},"content":{"rendered":"<p>[et_pb_section fb_built=\u00a0\u00bb1&Prime; _builder_version=\u00a0\u00bb4.27.2&Prime; _module_preset=\u00a0\u00bbdefault\u00a0\u00bb global_colors_info=\u00a0\u00bb{}\u00a0\u00bb][et_pb_row column_structure=\u00a0\u00bb1_4,1_4,1_4,1_4&Prime; _builder_version=\u00a0\u00bb4.27.2&Prime; _module_preset=\u00a0\u00bbdefault\u00a0\u00bb global_colors_info=\u00a0\u00bb{}\u00a0\u00bb][et_pb_column type=\u00a0\u00bb1_4&Prime; _builder_version=\u00a0\u00bb4.27.2&Prime; _module_preset=\u00a0\u00bbdefault\u00a0\u00bb global_colors_info=\u00a0\u00bb{}\u00a0\u00bb][et_pb_image src=\u00a0\u00bbhttps:\/\/chevaliersdecolomb3206.org\/wp-content\/uploads\/2026\/02\/fc93eb636_grandchevalier.jpg\u00a0\u00bb _builder_version=\u00a0\u00bb4.27.4&Prime; _module_preset=\u00a0\u00bbdefault\u00a0\u00bb alt=\u00a0\u00bbGrand Chevalier\u00a0\u00bb title_text=\u00a0\u00bbfc93eb636_grandchevalier\u00a0\u00bb hover_enabled=\u00a0\u00bb0&Prime; sticky_enabled=\u00a0\u00bb0&Prime;][\/et_pb_image][et_pb_text _builder_version=\u00a0\u00bb4.27.4&Prime; _module_preset=\u00a0\u00bbdefault\u00a0\u00bb hover_enabled=\u00a0\u00bb0&Prime; sticky_enabled=\u00a0\u00bb0&Prime;]<\/p>\n<p style=\"text-align: center;\">Grand Chevalier<\/p>\n<p style=\"text-align: center;\">C\u00e9drick Graveline<\/p>\n<p>[\/et_pb_text][\/et_pb_column][et_pb_column type=\u00a0\u00bb1_4&Prime; _builder_version=\u00a0\u00bb4.27.2&Prime; _module_preset=\u00a0\u00bbdefault\u00a0\u00bb global_colors_info=\u00a0\u00bb{}\u00a0\u00bb][et_pb_image src=\u00a0\u00bbhttps:\/\/chevaliersdecolomb3206.org\/wp-content\/uploads\/2024\/11\/J.Mcgivney.jpg\u00a0\u00bb title_text=\u00a0\u00bbJ.Mcgivney\u00a0\u00bb _builder_version=\u00a0\u00bb4.27.2&Prime; _module_preset=\u00a0\u00bbdefault\u00a0\u00bb global_colors_info=\u00a0\u00bb{}\u00a0\u00bb][\/et_pb_image][et_pb_text _builder_version=\u00a0\u00bb4.27.4&Prime; _module_preset=\u00a0\u00bbdefault\u00a0\u00bb global_colors_info=\u00a0\u00bb{}\u00a0\u00bb]<\/p>\n<p><a href=\"https:\/\/www.fathermcgivney.org\/fr\/his-life\/#tab-set-panel-a-model-for-today\" target=\"_blank\" class=\"Style11\" rel=\"noopener\"><strong>L\u2019abb\u00e9 Michael J. McGivney<\/strong><\/a><\/p>\n<p>[\/et_pb_text][\/et_pb_column][et_pb_column type=\u00a0\u00bb1_4&Prime; _builder_version=\u00a0\u00bb4.27.2&Prime; _module_preset=\u00a0\u00bbdefault\u00a0\u00bb global_colors_info=\u00a0\u00bb{}\u00a0\u00bb][et_pb_text _builder_version=\u00a0\u00bb4.27.2&Prime; _module_preset=\u00a0\u00bbdefault\u00a0\u00bb inline_fonts=\u00a0\u00bbAbel\u00a0\u00bb global_colors_info=\u00a0\u00bb{}\u00a0\u00bb]<\/p>\n<table width=\"459\" height=\"234\" border=\"0\">\n<tbody>\n<tr>\n<td width=\"190\">\n<p><span style=\"font-size: x-large; font-family: Abel;\"><strong><span class=\"Style18\">Brunch \u00e0 volont\u00e9<\/span><\/strong><\/span><\/p>\n<p><span style=\"font-size: x-large; font-family: Abel;\"><strong>de 9:00 am \u00e0 12:30<\/strong><\/span><\/p>\n<p><span style=\"font-size: x-large; font-family: Abel;\"><strong>pour toute la Famille <\/strong><\/span><strong style=\"font-family: Abel; font-size: x-large;\">les dimanches v\u00e9rifier l&rsquo;horaire sur le calendrier<\/strong><\/p>\n<p>&nbsp;<\/p>\n<\/td>\n<\/tr>\n<\/tbody>\n<\/table>\n<p>[\/et_pb_text][et_pb_text _builder_version=\u00a0\u00bb4.27.4&Prime; _module_preset=\u00a0\u00bbdefault\u00a0\u00bb width=\u00a0\u00bb226.3%\u00a0\u00bb custom_margin=\u00a0\u00bb|-316px||||\u00a0\u00bb inline_fonts=\u00a0\u00bbAbel\u00a0\u00bb global_colors_info=\u00a0\u00bb{}\u00a0\u00bb]<\/p>\n<p><strong><span style=\"font-family: Abel;\">Location de salle pour toutes vos soir\u00e9es avec Service bar \u00e0 boisson sur place.<\/span><\/strong><\/p>\n<p><strong><span style=\"font-family: Abel;\">Soir\u00e9e Galas, Danse, fun\u00e9raille, soir\u00e9e spectacles, shower de B\u00e9b\u00e9, Shower de Mariage. de plus service de traiteur sur demande.<\/span><\/strong><\/p>\n<p align=\"center\" class=\"Style6\"><strong><span style=\"font-family: Abel;\">Pour toute Information ou R\u00e9servation<\/span><\/strong><\/p>\n<p align=\"center\" class=\"Style6\"><strong><span style=\"font-family: Abel;\"><a href=\"https:\/\/chevaliersdecolomb3206.org\/?page_id=411\">par couriel<\/a>\u00a0<span class=\"Style11\">voir le Calendrier pour les disponibilit\u00e9s.<\/span><\/span><\/strong><\/p>\n<p align=\"center\"><strong><span style=\"font-family: Abel;\">T\u00e9l\u00e9phone : 450-346-6575<\/span><\/strong><\/p>\n<p align=\"center\"><strong><span style=\"font-family: Abel;\">T\u00e9l\u00e9copieur : 450-346-0590<\/span><\/strong><\/p>\n<p>[\/et_pb_text][\/et_pb_column][et_pb_column type=\u00a0\u00bb1_4&Prime; _builder_version=\u00a0\u00bb4.27.2&Prime; _module_preset=\u00a0\u00bbdefault\u00a0\u00bb global_colors_info=\u00a0\u00bb{}\u00a0\u00bb][et_pb_gallery gallery_ids=\u00a0\u00bb388&Prime; _builder_version=\u00a0\u00bb4.27.4&Prime; _module_preset=\u00a0\u00bbdefault\u00a0\u00bb global_colors_info=\u00a0\u00bb{}\u00a0\u00bb][\/et_pb_gallery][\/et_pb_column][\/et_pb_row][\/et_pb_section]<\/p>\n","protected":false},"excerpt":{"rendered":"<p>Grand Chevalier C\u00e9drick GravelineL\u2019abb\u00e9 Michael J. McGivney Brunch \u00e0 volont\u00e9 de 9:00 am \u00e0 12:30 pour toute la Famille les dimanches v\u00e9rifier l&rsquo;horaire sur le calendrier &nbsp; Location de salle pour toutes vos soir\u00e9es avec Service bar \u00e0 boisson sur place. Soir\u00e9e Galas, Danse, fun\u00e9raille, soir\u00e9e spectacles, shower de B\u00e9b\u00e9, Shower de Mariage. de plus [&hellip;]<\/p>\n","protected":false},"author":1,"featured_media":0,"parent":0,"menu_order":0,"comment_status":"closed","ping_status":"closed","template":"","meta":{"_et_pb_use_builder":"on","_et_pb_old_content":"","_et_gb_content_width":"","footnotes":""},"class_list":["post-90","page","type-page","status-publish","hentry"],"_links":{"self":[{"href":"https:\/\/chevaliersdecolomb3206.org\/index.php?rest_route=\/wp\/v2\/pages\/90","targetHints":{"allow":["GET"]}}],"collection":[{"href":"https:\/\/chevaliersdecolomb3206.org\/index.php?rest_route=\/wp\/v2\/pages"}],"about":[{"href":"https:\/\/chevaliersdecolomb3206.org\/index.php?rest_route=\/wp\/v2\/types\/page"}],"author":[{"embeddable":true,"href":"https:\/\/chevaliersdecolomb3206.org\/index.php?rest_route=\/wp\/v2\/users\/1"}],"replies":[{"embeddable":true,"href":"https:\/\/chevaliersdecolomb3206.org\/index.php?rest_route=%2Fwp%2Fv2%2Fcomments&post=90"}],"version-history":[{"count":10,"href":"https:\/\/chevaliersdecolomb3206.org\/index.php?rest_route=\/wp\/v2\/pages\/90\/revisions"}],"predecessor-version":[{"id":495,"href":"https:\/\/chevaliersdecolomb3206.org\/index.php?rest_route=\/wp\/v2\/pages\/90\/revisions\/495"}],"wp:attachment":[{"href":"https:\/\/chevaliersdecolomb3206.org\/index.php?rest_route=%2Fwp%2Fv2%2Fmedia&parent=90"}],"curies":[{"name":"wp","href":"https:\/\/api.w.org\/{rel}","templated":true}]}}